{"id":717,"date":"2011-03-11T22:41:24","date_gmt":"2011-03-11T21:41:24","guid":{"rendered":"http:\/\/incobe.ch\/webblog\/?page_id=717"},"modified":"2014-01-19T12:12:52","modified_gmt":"2014-01-19T11:12:52","slug":"grenzwerte","status":"publish","type":"page","link":"https:\/\/incobe.ch\/webblog\/?page_id=717","title":{"rendered":"Grenzwerte"},"content":{"rendered":"<h3>Pers\u00f6nlichen Rekorde in meiner doch noch kurzen Bikekarriere<\/h3>\n<p><strong>Mein h\u00f6chstgelegener Punkt per Bike:<\/strong><br \/>\n<a href=\"https:\/\/incobe.ch\/webblog\/?p=1234\" title=\"Ferien in Ladis \u00d6sterreich\">Fisserjoch (Tirol) 2436 m im 2012<\/a><br \/>\nZw\u00f6lferkopf 2576 m\u00fcM 2012<br \/>\n<a href=\"https:\/\/incobe.ch\/webblog\/?p=591\" title=\"Sunnb\u00fchl-Gemmi retour\">Gemmipass<\/a> 2314 m\u00fcM im 2010<br \/>\n<a href=\"https:\/\/incobe.ch\/webblog\/?p=833\" title=\"im Leukerbad mal mit dem Bike\">Rinderh\u00fctte (Leukerbad)<\/a> 2313 m\u00fcM im 2011<\/p>\n<p><strong>Meine l\u00e4ngste Tagestour:<\/strong><br \/>\n<a href=\"https:\/\/incobe.ch\/webblog\/?p=1993\" title=\"mal Richtung Westen unterwegs\"><\/a> 161.5 km per Bike<br \/>\n<a href=\"https:\/\/incobe.ch\/webblog\/?p=1947\" title=\"So weit ich mag oder pflotsch nass bin\u2026\"><\/a> 161 km per Bike<br \/>\n<a href=\"https:\/\/incobe.ch\/webblog\/?p=1399\" title=\"schon bald 4000 km\u2026\">Langnau-Kiesen-Bern-Wohlensee-Golaten-Aarberg-Gerolfingen-Biel-Solothurn<\/a> 130 km per Bike<br \/>\n<a href=\"https:\/\/incobe.ch\/webblog\/?p=1255\" title=\"Der ander Weg nach Huttwil\">Langnau-Utzendorf-Wangen a.A.-Aarwangen-Langenthal-Huttwil und Ramsei-Langnau 102 km<\/a> per Bike<br \/>\nRapperswil-Oberriet 102 km im 2010 mit meinem Dorfvelo<br \/>\nB\u00fcsingen \u2013 Laufenburg 82 km 2011 mit meinem Dorfvelo<\/p>\n<p><strong>am meisten km per Jahr:<\/strong><br \/>\n6695 km im 2014<\/p>\n<p><strong>Am meisten Steigungsmeter an einer Tagestour:<\/strong><br \/>\n<a href=\"https:\/\/incobe.ch\/webblog\/?p=1974\" title=\"ein paar H\u00f6ger und ein Pass\"><\/a> 2069 HM nicht mehr viele Reserven<br \/>\n<a href=\"https:\/\/incobe.ch\/webblog\/?p=1775\" title=\"1. Tag unterwegs mit Marc\"><\/a> 1840 HM mit Reserven<br \/>\n<a href=\"https:\/\/incobe.ch\/webblog\/?p=1429\" title=\"Up an down\u2026\">Rundtour Langnau-Gartegg-Howacht-Langnau<\/a> 1610 HM auf 42 km<br \/>\n<a href=\"https:\/\/incobe.ch\/webblog\/?p=1271\" title=\"H\u00f6henmeterjagd\">Langnau-L\u00fcderen-Wasen-Hinterarni-Hornbach-Naturfr\u00fcndenh\u00fctte-Ahorn-Eriswil-Fritzenflueh-Langnau<\/a> 1513 m auf 70 km<br \/>\nMittelstation Sonnenbahn-Steineggalm-Fisserjoch 1089 m auf 12 km<br \/>\n<a href=\"https:\/\/incobe.ch\/webblog\/?p=833\" title=\"im Leukerbad mal mit dem Bike\">Leukerbad-Albinen-Oberu-Rinderh\u00fctte<\/a> 1368 m auf 21 km<br \/>\n<a href=\"https:\/\/incobe.ch\/webblog\/?p=287\" title=\"L\u00fcderen-Hinterarni-Ahorn\">Langnau-L\u00fcderen-Wasen-Hinterarni-Hornbach-Ahorn-Eriswil<\/a> 1270 m auf 42 km<\/p>\n<p><strong>Am meisten Downhillmeter am St\u00fcck:<\/strong><br \/>\n<a href=\"https:\/\/incobe.ch\/webblog\/?p=833\" title=\"im Leukerbad mal mit dem Bike\">Rinderh\u00fctte-Leukerbad<\/a> 890 m auf 9 km<\/p>\n<p><strong>Am meisten km in einem Monat:<\/strong><br \/>\n<a href=\"https:\/\/incobe.ch\/webblog\/?p=1988\" title=\"1000 km in einem Monat!!!\"><\/a> im September 2013<\/p>\n<p><strong>Am meisten Steigungsmeter pro Jahr:<\/strong><br \/>\n74&#8217;783 m auf 6695 km im 2014<\/p>\n","protected":false},"excerpt":{"rendered":"<p>Pers\u00f6nlichen Rekorde in meiner doch noch kurzen Bikekarriere Mein h\u00f6chstgelegener Punkt per Bike: Fisserjoch (Tirol) 2436 m im 2012 Zw\u00f6lferkopf 2576 m\u00fcM 2012 Gemmipass 2314 m\u00fcM im 2010 Rinderh\u00fctte (Leukerbad) 2313 m\u00fcM im 2011 Meine l\u00e4ngste Tagestour: 161.5 km per Bike 161 km per Bike Langnau-Kiesen-Bern-Wohlensee-Golaten-Aarberg-Gerolfingen-Biel-Solothurn 130 km per Bike Langnau-Utzendorf-Wangen a.A.-Aarwangen-Langenthal-Huttwil und Ramsei-Langnau 102 &hellip; <\/p>\n<p><a class=\"more-link btn\" href=\"https:\/\/incobe.ch\/webblog\/?page_id=717\">Weiterlesen<\/a><\/p>\n","protected":false},"author":2,"featured_media":0,"parent":0,"menu_order":3,"comment_status":"open","ping_status":"closed","template":"","meta":{"ngg_post_thumbnail":0,"footnotes":""},"class_list":["post-717","page","type-page","status-publish","hentry","nodate","item-wrap"],"_links":{"self":[{"href":"https:\/\/incobe.ch\/webblog\/index.php?rest_route=\/wp\/v2\/pages\/717","targetHints":{"allow":["GET"]}}],"collection":[{"href":"https:\/\/incobe.ch\/webblog\/index.php?rest_route=\/wp\/v2\/pages"}],"about":[{"href":"https:\/\/incobe.ch\/webblog\/index.php?rest_route=\/wp\/v2\/types\/page"}],"author":[{"embeddable":true,"href":"https:\/\/incobe.ch\/webblog\/index.php?rest_route=\/wp\/v2\/users\/2"}],"replies":[{"embeddable":true,"href":"https:\/\/incobe.ch\/webblog\/index.php?rest_route=%2Fwp%2Fv2%2Fcomments&post=717"}],"version-history":[{"count":18,"href":"https:\/\/incobe.ch\/webblog\/index.php?rest_route=\/wp\/v2\/pages\/717\/revisions"}],"predecessor-version":[{"id":2041,"href":"https:\/\/incobe.ch\/webblog\/index.php?rest_route=\/wp\/v2\/pages\/717\/revisions\/2041"}],"wp:attachment":[{"href":"https:\/\/incobe.ch\/webblog\/index.php?rest_route=%2Fwp%2Fv2%2Fmedia&parent=717"}],"curies":[{"name":"wp","href":"https:\/\/api.w.org\/{rel}","templated":true}]}}