{"id":3,"date":"2008-06-13T22:10:08","date_gmt":"2008-06-13T21:10:08","guid":{"rendered":"http:\/\/incobe.ch\/webblog\/?page_id=3"},"modified":"2013-07-18T16:51:45","modified_gmt":"2013-07-18T15:51:45","slug":"biken","status":"publish","type":"page","link":"https:\/\/incobe.ch\/webblog\/?page_id=3","title":{"rendered":"\u00dcber mich"},"content":{"rendered":"<table border=\"0\" cellpadding=\"10\">\n<tbody>\n<tr>\n<td><a href=\"https:\/\/incobe.ch\/webblog\/wp-content\/uploads\/2008\/06\/20091004-16.jpg\"><img loading=\"lazy\" decoding=\"async\" class=\"aligncenter  wp-image-1369\" style=\"border: 1px solid black; margin: 10px;\" title=\"20091004-16\" src=\"https:\/\/incobe.ch\/webblog\/wp-content\/uploads\/2008\/06\/20091004-16-300x225.jpg\" alt=\"\" width=\"126\" height=\"95\" srcset=\"https:\/\/incobe.ch\/webblog\/wp-content\/uploads\/2008\/06\/20091004-16-300x225.jpg 300w, https:\/\/incobe.ch\/webblog\/wp-content\/uploads\/2008\/06\/20091004-16.jpg 800w\" sizes=\"auto, (max-width: 126px) 100vw, 126px\" \/><\/a><\/td>\n<td>\n<h6><strong>Name: Markus<\/strong><\/h6>\n<h6><strong><strong>Alter:<\/strong> \u00fcber 40<\/strong><strong><strong><\/strong><\/strong><\/h6>\n<h6><strong><strong>Wohnort: Oberes Emmental<\/strong><\/strong><\/h6>\n<\/td>\n<\/tr>\n<\/tbody>\n<\/table>\n<p>&nbsp;<\/p>\n<p align=\"left\"><strong>Ich habe die <a title=\"Wikipediaeintrag \u00fcber die H\u00e4mophilie\" href=\"http:\/\/de.wikipedia.org\/wiki\/H%C3%A4mophilie\" target=\"_blank\">H\u00e4mophiliekrankheit<\/a> (oder wird im Sprachgebrauch als Bluterkrankheit bezeichnet) Typ A, dies bedeutet vereinfacht, dass ich keinen Gerinnungsfaktor (Klebstoff) im Blut besitze. Viele meinen, dass ich an einer kleinen Verletzung verbluten kann, dem ist normalerweise nicht so, bei \u00e4usserlichen Verletzungen reicht ein \u00fcbliches Pflaster. Schlimm bis lebensbedrohlich k\u00f6nnen innerliche Blutungen wie Bauch- oder Hirnblutungen sein\/werden, viele Blutungen in den grossen Gelenken f\u00fchren zu starker Arthrose, diese treten am st\u00e4rksten in der Wachstumsfase auf . <\/strong><\/p>\n<p><!--more--><\/p>\n<p align=\"left\"><strong>Durch viele Bluterg\u00fcsse (spontan oder durch \u00dcberbelastung) in Arm-, Sprung- und Kniegelenken habe ich durch die Arthrose und Bewegungseinschr\u00e4nkungen (wer dies gerne in Arztdeutsch m\u00f6chte -&gt;; <a title=\"Bericht Inselspital\" href=\"https:\/\/incobe.ch\/webblog\/wp-content\/uploads\/2011\/12\/image1-1.jpg\" target=\"_blank\">klicke hier<\/a>) .<\/strong><\/p>\n<p align=\"left\"><strong>Die schlimmsten Bluterg\u00fcsse hatte ich in der Kinderzeit bis ca. 20 J\u00e4hrig.<\/strong><\/p>\n<p align=\"left\"><strong>Tischtennis, Tanzen, Minigolf, Billard, Dart sind alles Sportarten die ich meistens intensiv ausgef\u00fchrt habe, solange bis meine Gelenke dies nicht mehr zugelassen haben, denn bei mir gilt: &#8222;wenn ich etwas mache, dann richtig&#8220;. <\/strong><\/p>\n<p align=\"left\"><strong>Wenn eine Sportart nicht mehr so richtig gegangen ist (meistens durch Schmerzen durch langes Stehen, gleiche Bewegung, etc.) habe ich mich nach einer neuen Freizeitbesch\u00e4ftigung umgeschaut und auch immer eine gefunden.<\/strong><\/p>\n<p align=\"left\"><strong>W\u00e4hrend der Zeit, als unsere Kinder klein waren, ist es bei mir sportlich sehr ruhig geworden und habe auch nichts gesucht bzw. nicht das Bed\u00fcrfnis gehabt etwas machen zu m\u00fcssen.<\/strong><\/p>\n<p align=\"left\"><strong>In den Sommerferien 2007 auf <a href=\"http:\/\/www.norderney.de\/\">Norderney<\/a>, haben wir f\u00fcr 10 Tage Fahrr\u00e4der gemietet und sind so auf der Insel herumgekurvt. Ich stellte mit Freude fest, dass ich weder Schmerzen noch Bluterg\u00fcsse bekam. <\/strong><\/p>\n<p align=\"left\"><strong>Kaum Zuhause nahm ich mein Fahrrad aus dem Keller und wir machten die ersten kleine Familienrunden, dies ohne k\u00f6rperliche Probleme zu bekommen. Im Herbst 2007 haben wir den SlowUp Emmental gefahren und im Fr\u00fchling habe ich mir ein Bike zugelegt.<\/strong><\/p>\n<p align=\"left\"><strong>Seither fahre ich soviel als m\u00f6glich und dies ohne Schmerzen. <\/strong><strong>So kann ich mich mit der Familie, Freunden und Kollegen auf so manche sch\u00f6ne Tour begeben und bin richtig &#8222;dabei&#8220;.<\/strong><\/p>\n<p align=\"left\"><strong>Was ich\/wir schon alles unter die R\u00e4der genommen haben kannst Du auf meine Website fast live mit verfolgen.<\/strong><\/p>\n<p align=\"left\"><strong>Hast Du Fragen oder Bemerkungen mache bitte einen Kommentar bei einem Bericht und ich werde rasch\u00f6glichst Antworten.<\/strong><\/p>\n<p align=\"left\"><strong>Nun w\u00fcnsche ich viel Freude auf meiner Site<\/strong><\/p>\n<p align=\"left\"><strong>Markus<\/strong><\/p>\n<p align=\"left\"><strong>&#8212;&#8212;&#8212;&#8212;&#8212;&#8212;&#8212;&#8212;&#8212;&#8212;&#8212;&#8212;&#8212;&#8212;&#8212;&#8212;&#8211;<\/strong><\/p>\n<p>*************************************************************<br \/>\n<iframe loading=\"lazy\" src=\"http:\/\/www.endomondo.com\/embed\/user\/summary?id=2450780&#038;sport=3&#038;from=20130101&#038;measure=0&#038;zone=Gp0100_AMS&#038;width=680&#038;height=217\" width=\"680\" height=\"217\" frameborder=\"0\" scrolling=\"no\" ><\/iframe><br \/>\n*************************************************************<br \/>\n<a href=\"http:\/\/winterpokal.mtb-news.de\/\"><img decoding=\"async\" src=\"http:\/\/winterpokal.mtb-news.de\/images\/user\/140431.png\" title=\"MTB-News.de Winterpokal\" alt=\"winterpokal\" \/><\/a><\/p>\n<h3 align=\"left\">Was ich bzw. wir noch alles Treiben:<\/h3>\n<h4 align=\"left\"><span style=\"text-decoration: underline;\">Drachenfliegen<\/span><\/h4>\n<table border=\"0\" cellpadding=\"10\">\n<tbody>\n<tr>\n<td><img loading=\"lazy\" decoding=\"async\" style=\"margin: 10px; border: black 1px solid;\" src=\"http:\/\/incobe.ch\/markus_cms\/images\/stories\/drachen\/Nasawing.jpg\" alt=\" \" width=\"120\" height=\"168\" border=\"1\" hspace=\"10\" vspace=\"10\" \/><\/td>\n<td>\n<h6>Das ist meine neuste Erungenschaft:Eine NASAwing 250, mit 4.8m2 Fl\u00e4che. Fliegt bei wenig Wind (ab 1 Bf) ab 3 gibt es viel zu tun um noch alles unter Kontrolle zu halten.<\/h6>\n<\/td>\n<\/tr>\n<\/tbody>\n<\/table>\n<h4 style=\"text-align: left;\"><\/h4>\n<h4 style=\"text-align: left;\"><span style=\"text-decoration: underline;\">Geogaching<\/span><\/h4>\n<p style=\"text-align: left;\">Bei sch\u00f6nem Wetter sind wir beim Geocaching<\/p>\n<p style=\"text-align: left;\">Das bedeutet sch\u00f6ne Ausfl\u00fcge (wenn es geht mit dem Bike) und auch immer Action f\u00fcr die Kinder. Eigentlich ist dies ein sehr sch\u00f6nes Hobby, doch wenn ich mit dem Bike unterwegs bin komme ich nicht zum &#8222;cachen&#8220; und mit dem Auto die Sch\u00e4tze zu suchen finde ich f\u00fcr die Umwelt nicht so gut&#8230;<\/p>\n<p>&nbsp;<\/p>\n<h4 style=\"text-align: center;\"><\/h4>\n<h4 style=\"text-align: center;\"><a href=\"http:\/\/www.geocaching.com\/profile\/?guid=3ed77a56-a308-4b17-996d-1413f85ed5fc\" target=\"_blank\"><img loading=\"lazy\" decoding=\"async\" title=\"Profile for micra66\" src=\"http:\/\/img.geocaching.com\/stats\/img.aspx?txt=Let's+go+geocaching&amp;uid=3ed77a56-a308-4b17-996d-1413f85ed5fc&amp;bg=1\" alt=\"Profile for micra66\" width=\"200\" height=\"50\" border=\"0\" \/><\/a><\/h4>\n<h4 style=\"text-align: center;\"><a href=\"http:\/\/incobe.ch\/markus_cms\/index.php?option=com_content&amp;task=view&amp;id=47&amp;Itemid=69\" target=\"_blank\">Einige Bilder von unseren Ausfl\u00fcgen<\/a><\/h4>\n<p style=\"text-align: center;\"><a href=\"http:\/\/incobe.ch\/markus_cms\/index.php?option=com_content&amp;task=view&amp;id=32\" target=\"_blank\"><span style=\"text-decoration: underline;\"><span style=\"color: #005e31;\">Bilder von 40 Jahre ig<\/span><\/span><\/a><\/p>\n<p style=\"text-align: center;\"><a title=\"Ditgeridoo\" href=\"http:\/\/www.incobe.ch\/didge\/\" target=\"_blank\"><span style=\"text-decoration: underline;\"><span style=\"color: #005e31;\">Bilder vom Didgerioo Kurs<\/span><\/span><\/a><\/p>\n","protected":false},"excerpt":{"rendered":"<p>Name: Markus Alter: \u00fcber 40 Wohnort: Oberes Emmental &nbsp; Ich habe die H\u00e4mophiliekrankheit (oder wird im Sprachgebrauch als Bluterkrankheit bezeichnet) Typ A, dies bedeutet vereinfacht, dass ich keinen Gerinnungsfaktor (Klebstoff) im Blut besitze. Viele meinen, dass ich an einer kleinen Verletzung verbluten kann, dem ist normalerweise nicht so, bei \u00e4usserlichen Verletzungen reicht ein \u00fcbliches Pflaster. &hellip; <\/p>\n<p><a class=\"more-link btn\" href=\"https:\/\/incobe.ch\/webblog\/?page_id=3\">Weiterlesen<\/a><\/p>\n","protected":false},"author":2,"featured_media":0,"parent":0,"menu_order":1,"comment_status":"open","ping_status":"open","template":"","meta":{"ngg_post_thumbnail":0,"footnotes":""},"class_list":["post-3","page","type-page","status-publish","hentry","nodate","item-wrap"],"_links":{"self":[{"href":"https:\/\/incobe.ch\/webblog\/index.php?rest_route=\/wp\/v2\/pages\/3","targetHints":{"allow":["GET"]}}],"collection":[{"href":"https:\/\/incobe.ch\/webblog\/index.php?rest_route=\/wp\/v2\/pages"}],"about":[{"href":"https:\/\/incobe.ch\/webblog\/index.php?rest_route=\/wp\/v2\/types\/page"}],"author":[{"embeddable":true,"href":"https:\/\/incobe.ch\/webblog\/index.php?rest_route=\/wp\/v2\/users\/2"}],"replies":[{"embeddable":true,"href":"https:\/\/incobe.ch\/webblog\/index.php?rest_route=%2Fwp%2Fv2%2Fcomments&post=3"}],"version-history":[{"count":15,"href":"https:\/\/incobe.ch\/webblog\/index.php?rest_route=\/wp\/v2\/pages\/3\/revisions"}],"predecessor-version":[{"id":2237,"href":"https:\/\/incobe.ch\/webblog\/index.php?rest_route=\/wp\/v2\/pages\/3\/revisions\/2237"}],"wp:attachment":[{"href":"https:\/\/incobe.ch\/webblog\/index.php?rest_route=%2Fwp%2Fv2%2Fmedia&parent=3"}],"curies":[{"name":"wp","href":"https:\/\/api.w.org\/{rel}","templated":true}]}}