{"id":226,"date":"2011-09-14T10:24:23","date_gmt":"2011-09-14T09:24:23","guid":{"rendered":"http:\/\/incobe.ch\/webblog\/?page_id=226"},"modified":"2015-01-11T23:19:00","modified_gmt":"2015-01-11T22:19:00","slug":"wetter","status":"publish","type":"page","link":"https:\/\/incobe.ch\/webblog\/?page_id=226","title":{"rendered":"Statistik und Ziele"},"content":{"rendered":"<p>Nachfolgend kannst Du meiner Website die j\u00e4hrliche Statistik und eine kurze Zusammenfassung entnehmen.<br \/>\nWie 2013 hatte ich 2014 nochmals ein besseres Jahr. Das Wetter, die Gesundheit und Familie -&gt; alles hat gepasst bis Ende Jahr sind \u00fcber 10&#8217;000 km und \u00fcber 100&#8217;000 Hm zusammengekommen,<br \/>\neine fantastische Zahl. Viele lange Touren (13x \u00fcber 100km) und die regelm\u00e4ssigen erweiterten Heimfahrten haben zu diesem fantastischen Resultat gef\u00fchrt.<\/p>\n<p>Ich bin 195 mal mit dem Bike zur Arbeit gefahren und an \u00fcber 300 Tagen nicht mindestens eine halbe Stunde auf dem Bike gesessen&#8230; <\/p>\n<p>Wie weiter im 2015? Schwierig, habe mir wieder vorgenommen viel mit dem Bike zur Arbeit und nach\u00a0M\u00f6glichkeit\u00a0immer mit einem Umweg nach Hause zu fahren, so hoffe ich um die 8000 km zu erreichen, h\u00f6henmeterm\u00e4ssig m\u00f6chte ich die 100&#8217;000 m uphill wieder erreichen.<\/p>\n<p>Mal schauen was das Jahr so bringt&#8230;<\/p>\n<p>Hier die aktuellen Bikeausfl\u00fcge:<\/p>\n<p><iframe height='454' width='300' frameborder='0' allowtransparency='true' scrolling='no' src='http:\/\/www.strava.com\/athletes\/1196355\/latest-rides\/784cf5125a0193651516c0897d4431ca8ac87b29'><\/iframe><\/p>\n<p>Da ich auch dieses Jahr all meine Fitnessanf\u00e4lle mit GPS, Pulser etc. erfasst und in Garmin Connect importiert habe, kann ich Euch hier einige Statistikwerte pr\u00e4sentieren:<\/p>\n<p style=\"text-align: center;\"><img loading=\"lazy\" decoding=\"async\" class=\"aligncenter size-full wp-image-1438\" style=\"border: 1px solid black;\" alt=\"Statistik2014\"  src=\"https:\/\/incobe.ch\/webblog\/wp-content\/uploads\/2011\/09\/Statistik2014.jpg\" width=\"600\" height=\"226\" \/><\/p>\n<p style=\"text-align: center;\"><img loading=\"lazy\" decoding=\"async\" class=\"aligncenter size-full wp-image-1438\" style=\"border: 1px solid black;\" alt=\"Statistik2013\" src=\"https:\/\/incobe.ch\/webblog\/wp-content\/uploads\/2011\/09\/Vollbildaufzeichnung-12.01.2014-231046.jpg\" width=\"600\" height=\"224\" \/><\/p>\n<p style=\"text-align: center;\"><img loading=\"lazy\" decoding=\"async\" class=\"aligncenter size-full wp-image-1438\" style=\"border: 1px solid black;\" alt=\"Statistik2012\" src=\"https:\/\/incobe.ch\/webblog\/wp-content\/uploads\/2011\/09\/Statistik2012.jpg\" width=\"600\" height=\"204\" srcset=\"https:\/\/incobe.ch\/webblog\/wp-content\/uploads\/2011\/09\/Statistik2012.jpg 600w, https:\/\/incobe.ch\/webblog\/wp-content\/uploads\/2011\/09\/Statistik2012-300x102.jpg 300w\" sizes=\"auto, (max-width: 600px) 100vw, 600px\" \/><\/p>\n<p style=\"text-align: center;\"><img loading=\"lazy\" decoding=\"async\" class=\"size-full wp-image-1016 aligncenter\" style=\"border: 1px solid black;\" title=\"Statistik2011\" alt=\"\" src=\"https:\/\/incobe.ch\/webblog\/wp-content\/uploads\/2012\/01\/Statistik2011.jpg\" width=\"598\" height=\"204\" srcset=\"https:\/\/incobe.ch\/webblog\/wp-content\/uploads\/2012\/01\/Statistik2011.jpg 598w, https:\/\/incobe.ch\/webblog\/wp-content\/uploads\/2012\/01\/Statistik2011-300x102.jpg 300w\" sizes=\"auto, (max-width: 598px) 100vw, 598px\" \/><\/p>\n<p><a href=\"https:\/\/incobe.ch\/webblog\/wp-content\/uploads\/2012\/01\/Statistik2010.jpg\"><img loading=\"lazy\" decoding=\"async\" class=\" wp-image-1015 aligncenter\" style=\"border: 1px solid black;\" title=\"Statistik2010\" alt=\"\" src=\"https:\/\/incobe.ch\/webblog\/wp-content\/uploads\/2012\/01\/Statistik2010.jpg\" width=\"598\" height=\"204\" srcset=\"https:\/\/incobe.ch\/webblog\/wp-content\/uploads\/2012\/01\/Statistik2010.jpg 598w, https:\/\/incobe.ch\/webblog\/wp-content\/uploads\/2012\/01\/Statistik2010-300x102.jpg 300w\" sizes=\"auto, (max-width: 598px) 100vw, 598px\" \/><\/a><a href=\"https:\/\/incobe.ch\/webblog\/wp-content\/uploads\/2012\/01\/Statistik2009.jpg\"><img loading=\"lazy\" decoding=\"async\" class=\"size-full wp-image-1014 aligncenter\" style=\"border: 1px solid black;\" title=\"Statistik2009\" alt=\"\" src=\"https:\/\/incobe.ch\/webblog\/wp-content\/uploads\/2012\/01\/Statistik2009.jpg\" width=\"598\" height=\"204\" srcset=\"https:\/\/incobe.ch\/webblog\/wp-content\/uploads\/2012\/01\/Statistik2009.jpg 598w, https:\/\/incobe.ch\/webblog\/wp-content\/uploads\/2012\/01\/Statistik2009-300x102.jpg 300w\" sizes=\"auto, (max-width: 598px) 100vw, 598px\" \/><\/a><a href=\"https:\/\/incobe.ch\/webblog\/wp-content\/uploads\/2012\/01\/Statistik2008.jpg\"><img loading=\"lazy\" decoding=\"async\" class=\"size-full wp-image-1013 aligncenter\" style=\"border: 1px solid black;\" title=\"Statistik2008\" alt=\"\" src=\"https:\/\/incobe.ch\/webblog\/wp-content\/uploads\/2012\/01\/Statistik2008.jpg\" width=\"598\" height=\"204\" srcset=\"https:\/\/incobe.ch\/webblog\/wp-content\/uploads\/2012\/01\/Statistik2008.jpg 598w, https:\/\/incobe.ch\/webblog\/wp-content\/uploads\/2012\/01\/Statistik2008-300x102.jpg 300w\" sizes=\"auto, (max-width: 598px) 100vw, 598px\" \/><\/a><\/p>\n","protected":false},"excerpt":{"rendered":"<p>Nachfolgend kannst Du meiner Website die j\u00e4hrliche Statistik und eine kurze Zusammenfassung entnehmen. Wie 2013 hatte ich 2014 nochmals ein besseres Jahr. Das Wetter, die Gesundheit und Familie -&gt; alles hat gepasst bis Ende Jahr sind \u00fcber 10&#8217;000 km und \u00fcber 100&#8217;000 Hm zusammengekommen, eine fantastische Zahl. Viele lange Touren (13x \u00fcber 100km) und die &hellip; <\/p>\n<p><a class=\"more-link btn\" href=\"https:\/\/incobe.ch\/webblog\/?page_id=226\">Weiterlesen<\/a><\/p>\n","protected":false},"author":2,"featured_media":0,"parent":0,"menu_order":2,"comment_status":"open","ping_status":"open","template":"","meta":{"ngg_post_thumbnail":0,"footnotes":""},"class_list":["post-226","page","type-page","status-publish","hentry","nodate","item-wrap"],"_links":{"self":[{"href":"https:\/\/incobe.ch\/webblog\/index.php?rest_route=\/wp\/v2\/pages\/226","targetHints":{"allow":["GET"]}}],"collection":[{"href":"https:\/\/incobe.ch\/webblog\/index.php?rest_route=\/wp\/v2\/pages"}],"about":[{"href":"https:\/\/incobe.ch\/webblog\/index.php?rest_route=\/wp\/v2\/types\/page"}],"author":[{"embeddable":true,"href":"https:\/\/incobe.ch\/webblog\/index.php?rest_route=\/wp\/v2\/users\/2"}],"replies":[{"embeddable":true,"href":"https:\/\/incobe.ch\/webblog\/index.php?rest_route=%2Fwp%2Fv2%2Fcomments&post=226"}],"version-history":[{"count":42,"href":"https:\/\/incobe.ch\/webblog\/index.php?rest_route=\/wp\/v2\/pages\/226\/revisions"}],"predecessor-version":[{"id":2228,"href":"https:\/\/incobe.ch\/webblog\/index.php?rest_route=\/wp\/v2\/pages\/226\/revisions\/2228"}],"wp:attachment":[{"href":"https:\/\/incobe.ch\/webblog\/index.php?rest_route=%2Fwp%2Fv2%2Fmedia&parent=226"}],"curies":[{"name":"wp","href":"https:\/\/api.w.org\/{rel}","templated":true}]}}